{"id":1950,"date":"2021-03-23T12:21:46","date_gmt":"2021-03-23T11:21:46","guid":{"rendered":"https:\/\/westbayhotel.be\/haftungsausschluss\/"},"modified":"2021-05-20T15:55:58","modified_gmt":"2021-05-20T14:55:58","slug":"haftungsausschluss","status":"publish","type":"page","link":"https:\/\/westbayhotel.be\/de\/haftungsausschluss\/","title":{"rendered":"Haftungsausschluss"},"content":{"rendered":"\n<p>NUTZUNGSBEDINGUNGEN UND HAFTUNGSAUSSCHLUSS<\/p>\n\n\n\n<p><strong>1. Identit\u00e4t und Kontaktdetails von West Bay Hotel<\/strong><\/p>\n\n\n\n<p>1.1. Die unter der Adresse westbayhotel.be verf\u00fcgbare Website (nachfolgend die \"Website\") wird betrieben und ist Eigentum von Belcoast Holidays nv, mit Sitz in Vakantiestraat 1, 8434 Westende (nachfolgend auch: \"[\u25cf]\", \"wir\" oder \"uns\").<\/p>\n\n\n\n<p>1.2. Informationen und Details zum West Bay Hotel:<\/p>\n\n\n\n<p>Rechtsform: NV<\/p>\n\n\n\n<p>Firmenname: Belcoast Holidays<\/p>\n\n\n\n<p>Handelsname: West Bay Hotel<\/p>\n\n\n\n<p>Eingetragener Sitz: [\u25cf]<\/p>\n\n\n\n<p>Rufnummer: 059 361 361<\/p>\n\n\n\n<p>E-Mail: info@westbayhotel.be<\/p>\n\n\n\n<p>Hyperlink(s) Website: westbayhotel.be<\/p>\n\n\n\n<p><strong>2. Anwendbarkeit dieser Nutzungsbedingungen<\/strong><\/p>\n\n\n\n<p>2.1. Diese Nutzungsbedingungen gelten ausschlie\u00dflich f\u00fcr die Nutzung der Website. Diese Bedingungen decken in keiner Weise die Nutzungsrichtlinien anderer Dienstanbieter ab, die Sie auf oder \u00fcber die Website nutzen k\u00f6nnen.<\/p>\n\n\n\n<p>2.2. Bevor Sie in irgendeiner Weise die Website (die mit ihr verbundenen Dienste) nutzen k\u00f6nnen, m\u00fcssen Sie diesen Nutzungsbedingungen ausdr\u00fccklich, vollst\u00e4ndig und unwiderruflich zustimmen, indem Sie auf die Schaltfl\u00e4che ok klicken. Der Text dieser Nutzungsbedingungen kann jederzeit unter der Rubrik \"Nutzungsbedingungen - Disclaimer\" auf der Website eingesehen werden.<\/p>\n\n\n\n<p>2.3. Die eventuelle Nichtigkeit oder Unanwendbarkeit einer oder mehrerer Bestimmungen dieser Nutzungsbedingungen hat nicht die Nichtigkeit aller dieser Bedingungen zur Folge.<\/p>\n\n\n\n<p>2.4. Westbay Hotel beh\u00e4lt sich das Recht vor, diese Nutzungsbedingungen jederzeit zu \u00e4ndern. \u00c4nderungen werden auf der Website und\/oder auf elektronischem Wege bekannt gegeben. Die fortgesetzte Nutzung der Website gilt als Annahme der neuen Bedingungen. Diese Nutzungsbedingungen wurden zuletzt am 24. Oktober 2018 ge\u00e4ndert.<\/p>\n\n\n\n<p>2.5. Diese Nutzungsbedingungen gelten unbeschadet der m\u00f6glichen Anwendung zwingender gesetzlicher Vorschriften zum Schutz von Verbrauchern (insbesondere der einschl\u00e4gigen Bestimmungen des Wirtschaftskodex).<\/p>\n\n\n\n<p><strong>3. Bedingungen f\u00fcr die Verwendung<\/strong><\/p>\n\n\n\n<p>3.1. Informationen und Inhalte auf der Website<\/p>\n\n\n\n<p>3.1.1. Westbay Hotel bem\u00fcht sich um die Richtigkeit, Vollst\u00e4ndigkeit und Aktualit\u00e4t der Informationen auf der Website, wobei es sich um alle Daten und Informationen im weitesten Sinne handelt, einschlie\u00dflich Fotos, Videodateien, Texte usw. Trotz unserer Bem\u00fchungen kann es zu Ungenauigkeiten kommen, f\u00fcr die Westbay Hotel keine Haftung \u00fcbernimmt.<\/p>\n\n\n\n<p>3.1.2. Westbay Hotel kann das Auftreten von St\u00f6rungen, Unterbrechungen oder technischen Fehlern, die den Zugang zur Website einschr\u00e4nken oder verhindern, nicht ausschlie\u00dfen.<\/p>\n\n\n\n<p>3.1.3. Die Informationen auf der Website sind allgemeiner Natur und indikativ, sind nicht an pers\u00f6nliche oder spezifische Umst\u00e4nde angepasst, k\u00f6nnen in keiner Weise als pers\u00f6nliche Beratung oder vertragliche (Ergebnis-) Verpflichtung angesehen werden und k\u00f6nnen nicht zu Schadenersatz oder K\u00fcndigung des Vertrags mit Westbay Hotel f\u00fchren. Die Informationen auf der Website werden wie besehen zur Verf\u00fcgung gestellt, ohne dass irgendwelche Garantien gegeben werden. Die Nutzung der Website und der darin enthaltenen Informationen erfolgt daher auf Ihr eigenes Risiko und Ihre eigene Verantwortung. Sie erkennen an und akzeptieren, dass die Verpflichtungen von Westbay Hotel in Bezug auf den Betrieb und den Inhalt der Website lediglich Verpflichtungen nach besten Kr\u00e4ften sind.<\/p>\n\n\n\n<p>3.1.4. Sie sind verpflichtet, die Website nur f\u00fcr legitime Zwecke zu nutzen.<\/p>\n\n\n\n<p>3.2. Ihre Verpflichtungen<\/p>\n\n\n\n<p>3.2.1. Sie m\u00fcssen \u00fcber eine gute und stabile Internetverbindung sowie \u00fcber leistungsf\u00e4hige Hard- und Software verf\u00fcgen, die f\u00fcr (die Dienste der) Website geeignet ist. Sie sollten au\u00dferdem \u00fcber einen angemessenen und aktuellen Virenschutz, Anti-Spyware und Firewall-Schutz auf Ihren Systemen verf\u00fcgen.<\/p>\n\n\n\n<p>3.2.2. F\u00fcr den Fall, dass die Systeme von West Bay Hotel, seinen Mitarbeitern, Subunternehmern, externen Lieferanten oder Dienstleistern und\/oder seinen sonstigen Nutzern durch den Austausch von Computerviren oder anderen sch\u00e4dlichen Dateien Schaden erleiden, haften allein Sie gegen\u00fcber West Bay Hotel vollumf\u00e4nglich und unbeschr\u00e4nkt und stellen West Bay Hotel von s\u00e4mtlichen Anspr\u00fcchen Dritter (einschlie\u00dflich Mitarbeitern, Subunternehmern, externen Lieferanten oder Dienstleistern und Nutzern von West Bay Hotel), die hierdurch Schaden erleiden, in voller H\u00f6he, ohne Einschr\u00e4nkung, an Kapital, Zinsen und (Anwalts-)Kosten frei.<\/p>\n\n\n\n<p>3.3. Ma\u00dfnahmen<\/p>\n\n\n\n<p><strong>4. Verarbeitung von personenbezogenen Daten<\/strong><\/p>\n\n\n\n<p>Das West Bay Hotel nimmt den Schutz Ihrer Daten ernst und handelt stets in \u00dcbereinstimmung mit den geltenden Datenschutzbestimmungen. Weitere Informationen \u00fcber den Schutz und die Verarbeitung Ihrer pers\u00f6nlichen Daten auf oder \u00fcber die Website finden Sie in der Datenschutzerkl\u00e4rung.<\/p>\n\n\n\n<p><strong>5. Haftung<\/strong><\/p>\n\n\n\n<p>5.1. Das West Bay Hotel ist in keiner Weise haftbar f\u00fcr:<\/p>\n\n\n\n<p>- die Qualit\u00e4t, die Vollst\u00e4ndigkeit, die Richtigkeit, die Eignung, die Verf\u00fcgbarkeit oder die Form der Informationen, die auf der Website oder auf anderen (externen) Websites oder Anwendungen, auf die durch (auch zul\u00e4ssige) Hyperlinks auf der Website verwiesen wird, enthalten oder von diesen erzeugt werden;<\/p>\n\n\n\n<p>- jede Entscheidung oder Handlung, die Sie auf der Grundlage des Inhalts oder der Informationen auf der Website getroffen haben;<\/p>\n\n\n\n<p>- jegliche St\u00f6rungen, Unterbrechungen, technische Fehler, unbefugte Eingriffe (einschlie\u00dflich Hacker), Viren usw. auf der Website;<\/p>\n\n\n\n<p>- (das Funktionieren und\/oder die Verf\u00fcgbarkeit von) Software und\/oder Anwendungen Dritter oder die Folgen davon f\u00fcr das Herunterladen von und\/oder die Nutzung der Website;<\/p>\n\n\n\n<p>- indirekte, mittelbare oder Folgesch\u00e4den (einschlie\u00dflich, aber nicht beschr\u00e4nkt auf Zeitverlust, Verlust einer Gelegenheit, Gewinnverlust, Einnahmeverlust, emotionale Sch\u00e4den usw.);<\/p>\n\n\n\n<p>- F\u00e4lle von h\u00f6herer Gewalt;<\/p>\n\n\n\n<p>- ein geringf\u00fcgiger Fehler, der nicht auf Vorsatz oder einem gleichwertigen schweren Fehler beruht.<\/p>\n\n\n\n<p>5.2. Das West Bay Hotel kann in keinem Fall gemeinsam mit Dritten f\u00fcr Sch\u00e4den haftbar gemacht werden.<\/p>\n\n\n\n<p><strong>6. Geistiges Eigentum<\/strong><\/p>\n\n\n\n<p>6.1. Die Website, Teile davon und alle Informationen und\/oder Inhalte, die sich auf der Website befinden, mit ihr verbunden sind und\/oder von ihr generiert werden, einschlie\u00dflich, aber nicht beschr\u00e4nkt auf alle Texte, Bilder, Logos, Grafiken, Formeln, Videodateien, Tondateien, HTML-Codes, Software, Datenbanken, das Design oder andere Kreationen, Inhalte oder Informationen, die sich auf der Website befinden oder mit ihr in Verbindung stehen, sind das ausschlie\u00dfliche geistige Eigentum von West Bay Hotel oder seinen Lizenzgebern und d\u00fcrfen nur mit ausdr\u00fccklicher, vorheriger schriftlicher Zustimmung von West Bay Hotel oder seinen Lizenzgebern vervielf\u00e4ltigt oder der \u00d6ffentlichkeit zug\u00e4nglich gemacht werden.<\/p>\n\n\n\n<p>Mit anderen Worten: Es ist Ihnen zu jeder Zeit (auch nach Beendigung des Vertragsverh\u00e4ltnisses mit West Bay Hotel) untersagt, die Website (oder Teile davon) einschlie\u00dflich aller mit der Website verbundenen oder von ihr generierten Informationen und\/oder den Inhalt der Website ohne die ausdr\u00fcckliche vorherige schriftliche Zustimmung von West Bay Hotel oder seinen Lizenzgebern in irgendeiner Weise zu vervielf\u00e4ltigen oder \u00f6ffentlich zug\u00e4nglich zu machen.<\/p>\n\n\n\n<p>6.2. Nichts in diesen Nutzungsbedingungen ist so auszulegen, dass Ihnen eine \u00dcbertragung oder Lizenz an den geistigen Eigentumsrechten von West Bay Hotel gew\u00e4hrt wird.<\/p>\n\n\n\n<p>6.3. Sie erkennen an und akzeptieren, dass die Dienste auf der Website die Verwendung bestimmter Open-Source-Software oder Freeware unter Lizenzen beinhalten k\u00f6nnen, die Bestimmungen enthalten k\u00f6nnen, die Vorrang vor diesen Nutzungsbedingungen haben.<\/p>\n\n\n\n<p>6.4. Sie erkennen an und akzeptieren, dass Informationen oder Inhalte auf der Website dem Schutz durch geistige Eigentumsrechte Dritter unterliegen k\u00f6nnen. Sie verpflichten sich, diese Rechte zu honorieren und Westbay Hotel in vollem Umfang, in Form von Kapital, Zinsen und (Gerichts- und Anwalts-) Kosten f\u00fcr jegliche Verletzung der geistigen Eigentumsrechte Dritter durch Sie in diesem Zusammenhang schadlos zu halten.<\/p>\n\n\n\n<p><strong>7. Reklamationen<\/strong><\/p>\n\n\n\n<p>Beschwerden, die sich aus der Nutzung der Website oder der Anwendung dieser Nutzungsbedingungen ergeben, k\u00f6nnen dem West Bay Hotel per E-Mail gemeldet werden: info@westbayhotel.be.<\/p>\n\n\n\n<p><strong>8. Anwendbares Recht - zust\u00e4ndige Gerichte<\/strong><\/p>\n\n\n\n<p>Alle Streitigkeiten, die die Auslegung oder Anwendung dieser Nutzungsbedingungen betreffen oder sich aus der Nutzung der Website ergeben, unterliegen dem belgischen Recht und der ausschlie\u00dflichen Zust\u00e4ndigkeit der Gerichte von Br\u00fcgge, es sei denn, das Gesetz schreibt zwingend die Zust\u00e4ndigkeit eines anderen Gerichts vor.<\/p>\n","protected":false},"excerpt":{"rendered":"<p>NUTZUNGSBEDINGUNGEN UND HAFTUNGSAUSSCHLUSS 1. Identit\u00e4t und Kontaktdetails von West Bay Hotel 1.1. Die unter der Adresse westbayhotel.be verf\u00fcgbare Website (nachfolgend die \"Website\") wird betrieben und ist Eigentum von Belcoast Holidays nv, mit Sitz in Vakantiestraat 1, 8434 Westende (nachfolgend auch: \"[\u25cf]\", \"wir\" oder \"uns\"). 1.2. Informationen und Details zum West Bay Hotel: Rechtsform: NV Firmenname: [&hellip;]<\/p>\n","protected":false},"author":1,"featured_media":0,"parent":0,"menu_order":0,"comment_status":"closed","ping_status":"closed","template":"","meta":{"_acf_changed":false,"footnotes":""},"class_list":["post-1950","page","type-page","status-publish","hentry","post-wrapper"],"acf":[],"_links":{"self":[{"href":"https:\/\/westbayhotel.be\/de\/wp-json\/wp\/v2\/pages\/1950","targetHints":{"allow":["GET"]}}],"collection":[{"href":"https:\/\/westbayhotel.be\/de\/wp-json\/wp\/v2\/pages"}],"about":[{"href":"https:\/\/westbayhotel.be\/de\/wp-json\/wp\/v2\/types\/page"}],"author":[{"embeddable":true,"href":"https:\/\/westbayhotel.be\/de\/wp-json\/wp\/v2\/users\/1"}],"replies":[{"embeddable":true,"href":"https:\/\/westbayhotel.be\/de\/wp-json\/wp\/v2\/comments?post=1950"}],"version-history":[{"count":2,"href":"https:\/\/westbayhotel.be\/de\/wp-json\/wp\/v2\/pages\/1950\/revisions"}],"predecessor-version":[{"id":2098,"href":"https:\/\/westbayhotel.be\/de\/wp-json\/wp\/v2\/pages\/1950\/revisions\/2098"}],"wp:attachment":[{"href":"https:\/\/westbayhotel.be\/de\/wp-json\/wp\/v2\/media?parent=1950"}],"curies":[{"name":"wp","href":"https:\/\/api.w.org\/{rel}","templated":true}]}}